{"id":230,"date":"2015-10-19T01:41:27","date_gmt":"2015-10-18T23:41:27","guid":{"rendered":"http:\/\/www.mg-woodscare.de\/index.php\/uber-uns-4\/"},"modified":"2016-01-14T20:48:24","modified_gmt":"2016-01-14T19:48:24","slug":"uber-uns-4","status":"publish","type":"page","link":"https:\/\/www.mg-woodscare.de\/index.php\/uber-uns-4\/","title":{"rendered":"\u00dcber uns"},"content":{"rendered":"<div class=\"art-content-layout\">\r\n    <div class=\"art-content-layout-row\">\r\n    <div class=\"art-layout-cell layout-item-0\" style=\"width: 100%;\">\r\n        <p><strong><u>Gesch\u00e4ftsf\u00fchrer MG Woodscare<\/u><\/strong><\/p><p><strong>H.Merkel    <\/strong>                                                            <\/p><ul><li>Management                                                <\/li><li>SKT Ausbildung<\/li><li>Dozent bei Volkshochschule f\u00fcr\u00a0<\/li><li>Ostbaumverschnitt in praktischer\u00a0<\/li><li>Ausf\u00fchrung<\/li><li>Module 1-6<\/li><\/ul><p><strong>K.Gr\u00fctzner<\/strong><\/p><ul><li>Mangement &amp; Logistik<\/li><\/ul><p><strong>R.Heyne\u00a0<\/strong><\/p><ul><li>SKT Ausbildung<\/li><li>FLL Baumkontrolleur\u00a0<\/li><li>Module 1\/2\/3\/5<\/li><\/ul><p><strong>P.K\u00f6the<\/strong><\/p><ul><li>\u00dcber 20 Jahre Erfahrung in der Forstwirtschaft und Spezialist f\u00fcr Arbeiten mit Pferden im Wald (R\u00fcckepferde)<\/li><\/ul><p><strong>J.Thiele<\/strong><\/p><ul><li>Dozent f\u00fcr Obstbaumverschnitt Lehrg\u00e4nge in praktischer &amp; theoretischer Anwendung<\/li><li>Obstbau &amp; Obstbaumveredlung<\/li><\/ul><p><strong>T.Ressel<\/strong><\/p><ul><li>SKT Ausbildung<\/li><li>Ausbilder und Dozent f\u00fcr Ausbildung an der kettens\u00e4ge Module 1-6<\/li><\/ul><p>&nbsp;<\/p>\r\n    <\/div>\r\n    <\/div>\r\n<\/div>\r\n","protected":false},"excerpt":{"rendered":"<p>Gesch\u00e4ftsf\u00fchrer MG WoodscareH.Merkel Management SKT AusbildungDozent bei Volkshochschule f\u00fcr\u00a0Ostbaumverschnitt in praktischer\u00a0Ausf\u00fchrungModule 1-6K.Gr\u00fctznerMangement &amp; LogistikR.Heyne\u00a0SKT AusbildungFLL Baumkontrolleur\u00a0Module 1\/2\/3\/5P.K\u00f6the\u00dcber 20 Jahre Erfahrung in der Forstwirtschaft und Spezialist f\u00fcr Arbeiten mit Pferden im Wald (R\u00fcckepferde)J.ThieleDozent f\u00fcr Obstbaumverschnitt Lehrg\u00e4nge in praktischer &amp; theoretischer AnwendungObstbau &amp; ObstbaumveredlungT.ResselSKT AusbildungAusbilder und Dozent f\u00fcr Ausbildung an der kettens\u00e4ge Module 1-6&nbsp;<\/p>\n","protected":false},"author":1,"featured_media":0,"parent":0,"menu_order":2,"comment_status":"closed","ping_status":"closed","template":"","meta":{"footnotes":""},"class_list":["post-230","page","type-page","status-publish","hentry"],"_links":{"self":[{"href":"https:\/\/www.mg-woodscare.de\/index.php\/wp-json\/wp\/v2\/pages\/230","targetHints":{"allow":["GET"]}}],"collection":[{"href":"https:\/\/www.mg-woodscare.de\/index.php\/wp-json\/wp\/v2\/pages"}],"about":[{"href":"https:\/\/www.mg-woodscare.de\/index.php\/wp-json\/wp\/v2\/types\/page"}],"author":[{"embeddable":true,"href":"https:\/\/www.mg-woodscare.de\/index.php\/wp-json\/wp\/v2\/users\/1"}],"replies":[{"embeddable":true,"href":"https:\/\/www.mg-woodscare.de\/index.php\/wp-json\/wp\/v2\/comments?post=230"}],"version-history":[{"count":6,"href":"https:\/\/www.mg-woodscare.de\/index.php\/wp-json\/wp\/v2\/pages\/230\/revisions"}],"predecessor-version":[{"id":310,"href":"https:\/\/www.mg-woodscare.de\/index.php\/wp-json\/wp\/v2\/pages\/230\/revisions\/310"}],"wp:attachment":[{"href":"https:\/\/www.mg-woodscare.de\/index.php\/wp-json\/wp\/v2\/media?parent=230"}],"curies":[{"name":"wp","href":"https:\/\/api.w.org\/{rel}","templated":true}]}}